{"id":89,"date":"2018-01-26T09:10:28","date_gmt":"2018-01-26T09:10:28","guid":{"rendered":"http:\/\/its-niehoff.de\/?page_id=89"},"modified":"2018-01-26T11:16:38","modified_gmt":"2018-01-26T11:16:38","slug":"vmp","status":"publish","type":"page","link":"https:\/\/its-niehoff.de\/?page_id=89","title":{"rendered":"VMP"},"content":{"rendered":"<p>Der Validation Master Plan (VMP) ist keine Forderung des Annex 11. In dem Annex 11 des EU-GMP Leitfadens wird nicht auf die Notwendigkeit eines Masterplans eingegangen. Ganz im Gegenteil zu dem Annex 15 des EU-GMP Leitfadens. Wir empfehlen dennoch einen VMP der als strategisches Dokument angesehen werden muss und verbindlich das grunds\u00e4tzliche Vorgehen f\u00fcr Computergest\u00fctzte Systeme \u00fcber den Lebenszyklus vorgibt. Dabei kann sich der VMP an den Vorgaben des GAMP5 (R) Kataloges orientieren. Der GAMP5 ist jedoch ein Industriestandard und ist gesetzlich nicht bindend. Er ist jedoch an Stellen, die im Annex 11 nicht klar genug formuliert sind, eine gute Erg\u00e4nzung.<\/p>\n<p><strong>Der VMP sollte mindestens auf folgende Punkte eingehen:<\/strong><\/p>\n<ul>\n<li>Verantwortlichkeiten<\/li>\n<li>Schulung<\/li>\n<li>Lieferanten und Dienstleister<\/li>\n<li>Personal<\/li>\n<li>Validierung<\/li>\n<li>Dokumentationsformat<\/li>\n<li>Risikostrategie<\/li>\n<li>GAMP\u00ae5 Einstufung<\/li>\n<li>Ermittlung der Kritikalit\u00e4t<\/li>\n<li>Erstellen eines Validierungsplans<\/li>\n<li>Durchf\u00fchrung der Validierung<\/li>\n<li>Erstellen eines Validierungsberichtes<\/li>\n<\/ul>\n<p><strong>Und f\u00fcr die Betriebsphase auf das<\/strong><\/p>\n<ul>\n<li>Change Management<\/li>\n<li>Periodische Evaluierung<\/li>\n<li>St\u00f6rungen w\u00e4hrend der Betriebsphase (Incident Management)<\/li>\n<li>Disaster Recovery Management<\/li>\n<\/ul>\n","protected":false},"excerpt":{"rendered":"<p>Der Validation Master Plan (VMP) ist keine Forderung des Annex 11. In dem Annex 11 des EU-GMP Leitfadens wird nicht auf die Notwendigkeit eines Masterplans eingegangen. Ganz im Gegenteil zu dem Annex 15 des EU-GMP Leitfadens. Wir empfehlen dennoch einen VMP der als strategisches Dokument angesehen werden muss und verbindlich das grunds\u00e4tzliche Vorgehen f\u00fcr Computergest\u00fctzte &hellip; <\/p>\n<p class=\"link-more\"><a href=\"https:\/\/its-niehoff.de\/?page_id=89\" class=\"more-link\"><span class=\"screen-reader-text\">\u201eVMP\u201c<\/span> weiterlesen<\/a><\/p>\n","protected":false},"author":1,"featured_media":0,"parent":0,"menu_order":0,"comment_status":"closed","ping_status":"closed","template":"","meta":[],"_links":{"self":[{"href":"https:\/\/its-niehoff.de\/index.php?rest_route=\/wp\/v2\/pages\/89"}],"collection":[{"href":"https:\/\/its-niehoff.de\/index.php?rest_route=\/wp\/v2\/pages"}],"about":[{"href":"https:\/\/its-niehoff.de\/index.php?rest_route=\/wp\/v2\/types\/page"}],"author":[{"embeddable":true,"href":"https:\/\/its-niehoff.de\/index.php?rest_route=\/wp\/v2\/users\/1"}],"replies":[{"embeddable":true,"href":"https:\/\/its-niehoff.de\/index.php?rest_route=%2Fwp%2Fv2%2Fcomments&post=89"}],"version-history":[{"count":4,"href":"https:\/\/its-niehoff.de\/index.php?rest_route=\/wp\/v2\/pages\/89\/revisions"}],"predecessor-version":[{"id":108,"href":"https:\/\/its-niehoff.de\/index.php?rest_route=\/wp\/v2\/pages\/89\/revisions\/108"}],"wp:attachment":[{"href":"https:\/\/its-niehoff.de\/index.php?rest_route=%2Fwp%2Fv2%2Fmedia&parent=89"}],"curies":[{"name":"wp","href":"https:\/\/api.w.org\/{rel}","templated":true}]}}