{"id":35,"date":"2018-01-25T12:52:53","date_gmt":"2018-01-25T12:52:53","guid":{"rendered":"http:\/\/its-niehoff.de\/?page_id=35"},"modified":"2018-01-26T14:09:46","modified_gmt":"2018-01-26T14:09:46","slug":"impressum","status":"publish","type":"page","link":"https:\/\/its-niehoff.de\/?page_id=35","title":{"rendered":"Impressum"},"content":{"rendered":"<p><strong>IT Service Niehoff Gesellschaft mit beschr\u00e4nkter Haftung<br \/>\nHanseller Stra\u00dfe 86<br \/>\nD-48341 Altenberge<\/strong><\/p>\n<p>Vertretungsberechtiger Gesch\u00e4ftsf\u00fchrer: Dennys Niehoff<\/p>\n<p>Telefon:\u00a00171 875 18 00<br \/>\nE-Mail: info@its-niehoff.de<\/p>\n<p>Registergericht: Amtsgericht Steinfurt<br \/>\nRegisternummer: HRB 11106<br \/>\nUmsatzsteuer-Identifikationsnummer gem. \u00a7 27a UStG: DE\u00a0279300595<br \/>\nInhaltlich Verantwortlicher: Dennys Niehoff (Anschrift s.o.)<\/p>\n<div role=\"form\" class=\"wpcf7\" id=\"wpcf7-f52-o1\" lang=\"de-DE\" dir=\"ltr\">\n<div class=\"screen-reader-response\"><p role=\"status\" aria-live=\"polite\" aria-atomic=\"true\"><\/p> <ul><\/ul><\/div>\n<form action=\"\/index.php?rest_route=%2Fwp%2Fv2%2Fpages%2F35#wpcf7-f52-o1\" method=\"post\" class=\"wpcf7-form init\" novalidate=\"novalidate\" data-status=\"init\">\n<div style=\"display: none;\">\n<input type=\"hidden\" name=\"_wpcf7\" value=\"52\" \/>\n<input type=\"hidden\" name=\"_wpcf7_version\" value=\"5.6.3\" \/>\n<input type=\"hidden\" name=\"_wpcf7_locale\" value=\"de_DE\" \/>\n<input type=\"hidden\" name=\"_wpcf7_unit_tag\" value=\"wpcf7-f52-o1\" \/>\n<input type=\"hidden\" name=\"_wpcf7_container_post\" value=\"0\" \/>\n<input type=\"hidden\" name=\"_wpcf7_posted_data_hash\" value=\"\" \/>\n<\/div>\n<p><label> Name (Pflichtfeld)<br \/>\n    <span class=\"wpcf7-form-control-wrap\" data-name=\"your-name\"><input type=\"text\" name=\"your-name\" value=\"\" size=\"40\" class=\"wpcf7-form-control wpcf7-text wpcf7-validates-as-required\" aria-required=\"true\" aria-invalid=\"false\" \/><\/span> <\/label><\/p>\n<p><label> E-Mail-Adresse (Pflichtfeld)<br \/>\n    <span class=\"wpcf7-form-control-wrap\" data-name=\"your-email\"><input type=\"email\" name=\"your-email\" value=\"\" size=\"40\" class=\"wpcf7-form-control wpcf7-text wpcf7-email wpcf7-validates-as-required wpcf7-validates-as-email\" aria-required=\"true\" aria-invalid=\"false\" \/><\/span> <\/label><\/p>\n<p><label> Betreff<br \/>\n    <span class=\"wpcf7-form-control-wrap\" data-name=\"your-subject\"><input type=\"text\" name=\"your-subject\" value=\"\" size=\"40\" class=\"wpcf7-form-control wpcf7-text\" aria-invalid=\"false\" \/><\/span> <\/label><\/p>\n<p><label> Nachricht<br \/>\n    <span class=\"wpcf7-form-control-wrap\" data-name=\"your-message\"><textarea name=\"your-message\" cols=\"40\" rows=\"10\" class=\"wpcf7-form-control wpcf7-textarea\" aria-invalid=\"false\"><\/textarea><\/span> <\/label><\/p>\n<p><input type=\"submit\" value=\"Senden\" class=\"wpcf7-form-control has-spinner wpcf7-submit\" \/><\/p>\n<p style=\"display: none !important;\"><label>&#916;<textarea name=\"_wpcf7_ak_hp_textarea\" cols=\"45\" rows=\"8\" maxlength=\"100\"><\/textarea><\/label><input type=\"hidden\" id=\"ak_js_1\" name=\"_wpcf7_ak_js\" value=\"39\"\/><script>document.getElementById( \"ak_js_1\" ).setAttribute( \"value\", ( new Date() ).getTime() );<\/script><\/p><div class=\"wpcf7-response-output\" aria-hidden=\"true\"><\/div><\/form><\/div>\n","protected":false},"excerpt":{"rendered":"<p>IT Service Niehoff Gesellschaft mit beschr\u00e4nkter Haftung Hanseller Stra\u00dfe 86 D-48341 Altenberge Vertretungsberechtiger Gesch\u00e4ftsf\u00fchrer: Dennys Niehoff Telefon:\u00a00171 875 18 00 E-Mail: info@its-niehoff.de Registergericht: Amtsgericht Steinfurt Registernummer: HRB 11106 Umsatzsteuer-Identifikationsnummer gem. \u00a7 27a UStG: DE\u00a0279300595 Inhaltlich Verantwortlicher: Dennys Niehoff (Anschrift s.o.)<\/p>\n","protected":false},"author":1,"featured_media":0,"parent":0,"menu_order":0,"comment_status":"closed","ping_status":"closed","template":"","meta":[],"_links":{"self":[{"href":"https:\/\/its-niehoff.de\/index.php?rest_route=\/wp\/v2\/pages\/35"}],"collection":[{"href":"https:\/\/its-niehoff.de\/index.php?rest_route=\/wp\/v2\/pages"}],"about":[{"href":"https:\/\/its-niehoff.de\/index.php?rest_route=\/wp\/v2\/types\/page"}],"author":[{"embeddable":true,"href":"https:\/\/its-niehoff.de\/index.php?rest_route=\/wp\/v2\/users\/1"}],"replies":[{"embeddable":true,"href":"https:\/\/its-niehoff.de\/index.php?rest_route=%2Fwp%2Fv2%2Fcomments&post=35"}],"version-history":[{"count":7,"href":"https:\/\/its-niehoff.de\/index.php?rest_route=\/wp\/v2\/pages\/35\/revisions"}],"predecessor-version":[{"id":141,"href":"https:\/\/its-niehoff.de\/index.php?rest_route=\/wp\/v2\/pages\/35\/revisions\/141"}],"wp:attachment":[{"href":"https:\/\/its-niehoff.de\/index.php?rest_route=%2Fwp%2Fv2%2Fmedia&parent=35"}],"curies":[{"name":"wp","href":"https:\/\/api.w.org\/{rel}","templated":true}]}}