{"id":218,"date":"2018-01-31T14:14:13","date_gmt":"2018-01-31T14:14:13","guid":{"rendered":"http:\/\/its-niehoff.de\/?page_id=218"},"modified":"2018-01-31T14:35:06","modified_gmt":"2018-01-31T14:35:06","slug":"ihr-ansprechpartner","status":"publish","type":"page","link":"https:\/\/its-niehoff.de\/?page_id=218","title":{"rendered":"Ihr Ansprechpartner"},"content":{"rendered":"<p>Ihr Ansprechpartner rund um das Thema Softwarevalidierung\/ Ger\u00e4tequalifizierung ist Herr Dennys Niehoff<\/p>\n<p><img loading=\"lazy\" class=\"wp-image-224 size-thumbnail alignleft\" src=\"http:\/\/its-niehoff.de\/wp-content\/uploads\/2018\/01\/Bewerbungsbild-150x150.jpg\" alt=\"\" width=\"150\" height=\"150\" srcset=\"https:\/\/its-niehoff.de\/wp-content\/uploads\/2018\/01\/Bewerbungsbild-150x150.jpg 150w, https:\/\/its-niehoff.de\/wp-content\/uploads\/2018\/01\/Bewerbungsbild-100x100.jpg 100w\" sizes=\"(max-width: 150px) 100vw, 150px\" \/>Herr Niehoff ist gesch\u00e4ftsf\u00fchrender Gesellschafter der IT Service Niehoff\u00a0und ber\u00e4t Sie mit seinem Team bei all Ihren Fragen gerne pers\u00f6nlich.\u00a0Da sowohl bei der Softwarevalidierung wie auch bei der Ger\u00e4tequalifizierung Dienstleistern und Lieferanten eine besondere Rolle zugeschrieben wird, sind <span style=\"font-family: Arial;\">Kompetenz und Zuverl\u00e4ssigkeit Schl\u00fcsselfaktoren bei der <\/span>Auswahl. Daher sind permanente Fortbildungen Pflicht. Um Sie von unserer Kompetenz zu \u00fcberzeugen, m\u00f6chten wir Ihnen einen kurzen \u00dcberblick der Kompetenzen Ihres Ansprechpartners geben:<img loading=\"lazy\" class=\"alignnone size-medium wp-image-228\" src=\"http:\/\/its-niehoff.de\/wp-content\/uploads\/2018\/01\/Fortbildungen-300x235.png\" alt=\"\" width=\"300\" height=\"235\" srcset=\"https:\/\/its-niehoff.de\/wp-content\/uploads\/2018\/01\/Fortbildungen-300x235.png 300w, https:\/\/its-niehoff.de\/wp-content\/uploads\/2018\/01\/Fortbildungen-768x601.png 768w, https:\/\/its-niehoff.de\/wp-content\/uploads\/2018\/01\/Fortbildungen.png 893w\" sizes=\"(max-width: 300px) 100vw, 300px\" \/><\/p>\n<p>S\u00e4mtliche Qualifikationen sind durch ein Zertifikat belegt:<\/p>\n<p>Pharma IT Experte<\/p>\n<p><img loading=\"lazy\" class=\"alignnone size-medium wp-image-222\" src=\"http:\/\/its-niehoff.de\/wp-content\/uploads\/2018\/01\/Pharma-IT-Experte-218x300.jpg\" alt=\"\" width=\"218\" height=\"300\" srcset=\"https:\/\/its-niehoff.de\/wp-content\/uploads\/2018\/01\/Pharma-IT-Experte-218x300.jpg 218w, https:\/\/its-niehoff.de\/wp-content\/uploads\/2018\/01\/Pharma-IT-Experte-768x1056.jpg 768w, https:\/\/its-niehoff.de\/wp-content\/uploads\/2018\/01\/Pharma-IT-Experte-745x1024.jpg 745w\" sizes=\"(max-width: 218px) 100vw, 218px\" \/><\/p>\n<p>ITIL V3 Foundation<\/p>\n<p><img loading=\"lazy\" class=\"alignnone size-medium wp-image-223\" src=\"http:\/\/its-niehoff.de\/wp-content\/uploads\/2018\/01\/ITIL-209x300.jpg\" alt=\"\" width=\"209\" height=\"300\" srcset=\"https:\/\/its-niehoff.de\/wp-content\/uploads\/2018\/01\/ITIL-209x300.jpg 209w, https:\/\/its-niehoff.de\/wp-content\/uploads\/2018\/01\/ITIL-768x1100.jpg 768w, https:\/\/its-niehoff.de\/wp-content\/uploads\/2018\/01\/ITIL-715x1024.jpg 715w\" sizes=\"(max-width: 209px) 100vw, 209px\" \/><\/p>\n<p>gepr. Wirtschaftsinformatiker<\/p>\n<p><img loading=\"lazy\" class=\"alignnone size-medium wp-image-225\" src=\"http:\/\/its-niehoff.de\/wp-content\/uploads\/2018\/01\/witschaftsinformatiker-185x300.jpg\" alt=\"\" width=\"185\" height=\"300\" srcset=\"https:\/\/its-niehoff.de\/wp-content\/uploads\/2018\/01\/witschaftsinformatiker-185x300.jpg 185w, https:\/\/its-niehoff.de\/wp-content\/uploads\/2018\/01\/witschaftsinformatiker-768x1242.jpg 768w, https:\/\/its-niehoff.de\/wp-content\/uploads\/2018\/01\/witschaftsinformatiker-633x1024.jpg 633w, https:\/\/its-niehoff.de\/wp-content\/uploads\/2018\/01\/witschaftsinformatiker.jpg 1467w\" sizes=\"(max-width: 185px) 100vw, 185px\" \/><\/p>\n<p>IT Projektmanager<\/p>\n<p><img loading=\"lazy\" class=\"alignnone size-medium wp-image-226\" src=\"http:\/\/its-niehoff.de\/wp-content\/uploads\/2018\/01\/IT-Projekt-Leiter-180x300.jpg\" alt=\"\" width=\"180\" height=\"300\" srcset=\"https:\/\/its-niehoff.de\/wp-content\/uploads\/2018\/01\/IT-Projekt-Leiter-180x300.jpg 180w, https:\/\/its-niehoff.de\/wp-content\/uploads\/2018\/01\/IT-Projekt-Leiter-768x1278.jpg 768w, https:\/\/its-niehoff.de\/wp-content\/uploads\/2018\/01\/IT-Projekt-Leiter-615x1024.jpg 615w, https:\/\/its-niehoff.de\/wp-content\/uploads\/2018\/01\/IT-Projekt-Leiter.jpg 1144w\" sizes=\"(max-width: 180px) 100vw, 180px\" \/><\/p>\n<p>&nbsp;<\/p>\n","protected":false},"excerpt":{"rendered":"<p>Ihr Ansprechpartner rund um das Thema Softwarevalidierung\/ Ger\u00e4tequalifizierung ist Herr Dennys Niehoff Herr Niehoff ist gesch\u00e4ftsf\u00fchrender Gesellschafter der IT Service Niehoff\u00a0und ber\u00e4t Sie mit seinem Team bei all Ihren Fragen gerne pers\u00f6nlich.\u00a0Da sowohl bei der Softwarevalidierung wie auch bei der Ger\u00e4tequalifizierung Dienstleistern und Lieferanten eine besondere Rolle zugeschrieben wird, sind Kompetenz und Zuverl\u00e4ssigkeit Schl\u00fcsselfaktoren bei &hellip; <\/p>\n<p class=\"link-more\"><a href=\"https:\/\/its-niehoff.de\/?page_id=218\" class=\"more-link\"><span class=\"screen-reader-text\">\u201eIhr Ansprechpartner\u201c<\/span> weiterlesen<\/a><\/p>\n","protected":false},"author":1,"featured_media":0,"parent":0,"menu_order":0,"comment_status":"closed","ping_status":"closed","template":"","meta":[],"_links":{"self":[{"href":"https:\/\/its-niehoff.de\/index.php?rest_route=\/wp\/v2\/pages\/218"}],"collection":[{"href":"https:\/\/its-niehoff.de\/index.php?rest_route=\/wp\/v2\/pages"}],"about":[{"href":"https:\/\/its-niehoff.de\/index.php?rest_route=\/wp\/v2\/types\/page"}],"author":[{"embeddable":true,"href":"https:\/\/its-niehoff.de\/index.php?rest_route=\/wp\/v2\/users\/1"}],"replies":[{"embeddable":true,"href":"https:\/\/its-niehoff.de\/index.php?rest_route=%2Fwp%2Fv2%2Fcomments&post=218"}],"version-history":[{"count":3,"href":"https:\/\/its-niehoff.de\/index.php?rest_route=\/wp\/v2\/pages\/218\/revisions"}],"predecessor-version":[{"id":229,"href":"https:\/\/its-niehoff.de\/index.php?rest_route=\/wp\/v2\/pages\/218\/revisions\/229"}],"wp:attachment":[{"href":"https:\/\/its-niehoff.de\/index.php?rest_route=%2Fwp%2Fv2%2Fmedia&parent=218"}],"curies":[{"name":"wp","href":"https:\/\/api.w.org\/{rel}","templated":true}]}}