{"id":20,"date":"2018-01-25T12:46:07","date_gmt":"2018-01-25T12:46:07","guid":{"rendered":"http:\/\/its-niehoff.de\/?page_id=20"},"modified":"2018-01-26T11:22:41","modified_gmt":"2018-01-26T11:22:41","slug":"kritikalitaet","status":"publish","type":"page","link":"https:\/\/its-niehoff.de\/?page_id=20","title":{"rendered":"Kritikalit\u00e4t"},"content":{"rendered":"<p>Jedes Computergest\u00fctzte System sollte auf die Kritikalit\u00e4t bewertet werden. Insbesondere sollte bewertet werden, ob das System einen Einfluss auf die\u00a0 Patientensicherheit, die Produktqualit\u00e4t, die Datenqualit\u00e4t oder die Datenintegrit\u00e4t besitzt.<\/p>\n<p>Wir empfehlen an dieser Stelle einen weiteren Punkt. Das System sollte auf einen m\u00f6glichen Imageschaden bewertet werden. Einen Imageschaden, der durch Fehler des Systems zustande kommen kann. Dieser Punkt ist im Zuge von Globalisierung und fortschreitender Zentralisierung ein wichtiger Punkt.<\/p>\n<p>Grunds\u00e4tzlich kann die Kritikalit\u00e4t in Form einer Checkliste erfolgen. Diese Checkliste sollte f\u00fcr jedes Computergest\u00fctzte System gleich sein. Bedenken Sie, dass nur Systeme die als kritisch eingestuft werden validiert werden sollten.<\/p>\n<p>&nbsp;<\/p>\n","protected":false},"excerpt":{"rendered":"<p>Jedes Computergest\u00fctzte System sollte auf die Kritikalit\u00e4t bewertet werden. Insbesondere sollte bewertet werden, ob das System einen Einfluss auf die\u00a0 Patientensicherheit, die Produktqualit\u00e4t, die Datenqualit\u00e4t oder die Datenintegrit\u00e4t besitzt. Wir empfehlen an dieser Stelle einen weiteren Punkt. Das System sollte auf einen m\u00f6glichen Imageschaden bewertet werden. Einen Imageschaden, der durch Fehler des Systems zustande kommen &hellip; <\/p>\n<p class=\"link-more\"><a href=\"https:\/\/its-niehoff.de\/?page_id=20\" class=\"more-link\"><span class=\"screen-reader-text\">\u201eKritikalit\u00e4t\u201c<\/span> weiterlesen<\/a><\/p>\n","protected":false},"author":1,"featured_media":0,"parent":0,"menu_order":0,"comment_status":"closed","ping_status":"closed","template":"","meta":[],"_links":{"self":[{"href":"https:\/\/its-niehoff.de\/index.php?rest_route=\/wp\/v2\/pages\/20"}],"collection":[{"href":"https:\/\/its-niehoff.de\/index.php?rest_route=\/wp\/v2\/pages"}],"about":[{"href":"https:\/\/its-niehoff.de\/index.php?rest_route=\/wp\/v2\/types\/page"}],"author":[{"embeddable":true,"href":"https:\/\/its-niehoff.de\/index.php?rest_route=\/wp\/v2\/users\/1"}],"replies":[{"embeddable":true,"href":"https:\/\/its-niehoff.de\/index.php?rest_route=%2Fwp%2Fv2%2Fcomments&post=20"}],"version-history":[{"count":3,"href":"https:\/\/its-niehoff.de\/index.php?rest_route=\/wp\/v2\/pages\/20\/revisions"}],"predecessor-version":[{"id":110,"href":"https:\/\/its-niehoff.de\/index.php?rest_route=\/wp\/v2\/pages\/20\/revisions\/110"}],"wp:attachment":[{"href":"https:\/\/its-niehoff.de\/index.php?rest_route=%2Fwp%2Fv2%2Fmedia&parent=20"}],"curies":[{"name":"wp","href":"https:\/\/api.w.org\/{rel}","templated":true}]}}