{"id":19,"date":"2018-01-25T12:46:07","date_gmt":"2018-01-25T12:46:07","guid":{"rendered":"http:\/\/its-niehoff.de\/?page_id=19"},"modified":"2018-01-26T08:13:24","modified_gmt":"2018-01-26T08:13:24","slug":"allgemeine-informationen","status":"publish","type":"page","link":"https:\/\/its-niehoff.de\/?page_id=19","title":{"rendered":"Allgemeine Informationen"},"content":{"rendered":"<p>Softwarevalidierung ist ein komplexes Thema. Verantwortliche oder betroffene Personen, die sich aus unterschiedlichen Gr\u00fcnden mit dem Thema der Softwarevalidierung auseinandersetzen, schrecken vor dem gro\u00dfen Aufwand zur\u00fcck. Es fehlt die Unterst\u00fctzung, der Denkansto\u00df oder der rote Leitfaden an dem eine Orientierung erfolgen kann.<\/p>\n<p>Ab einem gewissen Punkt stellt sich jeder die Frage:<\/p>\n<p><strong>&#8222;Brauche ich das wirklich?&#8220;<\/strong><\/p>\n<p>Ich m\u00f6chte Ihnen die Frage gerne mit einer Gegenfrage beantworten: <strong>&#8222;\u00dcberpr\u00fcfen Sie regelm\u00e4\u00dfig ihre Reagenzien und Materialien, die in ihrem Umfeld eingesetzt werden?&#8220;<\/strong><\/p>\n<p>Sicherlich denken Sie jetzt direkt an Ihre Qualit\u00e4tskontrolle, das Qualit\u00e4ts Management System und die vielen vielen SOP&#8217;s, die Sie in Ihrem Bereich durchf\u00fchren und formulieren. Eine so elementar wichtige Lebensader in Ihrem Bereich wie das eingesetzte Computergest\u00fctzte System unterliegt aber m\u00f6glicherweise einem weniger \u00fcberwachten Bereich. Softwarevalidierung ist im Grundsatz nichts anderes als Ihre t\u00e4gliche Qualit\u00e4tskontrolle der eingesetzten Reagenzien.<\/p>\n<p><strong>Mit welchen Kosten muss gerechnet werden?<\/strong><\/p>\n<p>Das ist eine nicht leicht zu beantwortende Frage. Grunds\u00e4tzlich sind die anfallenden Kosten von der Komplexit\u00e4t des Systems abh\u00e4ngig. Aber auch von den vorhandenen Ressourcen, die ein Validierungsprojekt begleiten. In der Literatur finden Sie Angaben, dass bei komplexen System zus\u00e4tzlich 60-80% der anfallenden Kosten f\u00fcr Qualit\u00e4tssichernde Ma\u00dfnahmen anfallen. Jedoch ist Softwarevalidierung immer ein sehr individuelles Projekt. Um eine seri\u00f6se Absch\u00e4tzung zu ermitteln, ist immer einer Analyse in Ihrem Umfeld notwendig.<\/p>\n<p><strong>Reicht es nicht, wenn der Hersteller von Software ein System validiert?<\/strong><\/p>\n<p>Nein. Softwarevalidierung wird immer in der spezifischen Umgebung durchgef\u00fchrt, in der das EDV System eingesetzt wird. Es ist durchaus denkbar, dass angepasste Systeme sich in einem spezifischen Umfeld ganz anders Verhalten als in dem Umfeld des Herstellers.<\/p>\n<p><strong>Muss ich Software validieren?<\/strong><\/p>\n<p>Es gibt gesetzliche Vorgaben, die Hersteller von Arzneimitteln und\u00a0Hersteller von Medizinprodukten verpflichten, Software zu validieren. Wir empfinden jedoch die gesetzliche Vorgabe nicht als den verpflichtenden Part. Vielmehr sollte jeder Verantwortliche von Einrichtungen, Laboren oder Krankenh\u00e4usern\u00a0 den eigenen Anspruch haben, alles zu tun um eine maximale Sicherheit f\u00fcr Patienten zu erreichen.<\/p>\n<p><strong>Bedeutet validierte Software = fehlerfreies System?<\/strong><\/p>\n<p>Auch hier ein ganz klares Nein. Keine Software ist vollumf\u00e4nglich zu testen. Aber das Ziel der Softwarevalidierung ist das finden von Fehlerzust\u00e4nden. Durch die Validierung werden potentielle Fehler minimiert.<\/p>\n","protected":false},"excerpt":{"rendered":"<p>Softwarevalidierung ist ein komplexes Thema. Verantwortliche oder betroffene Personen, die sich aus unterschiedlichen Gr\u00fcnden mit dem Thema der Softwarevalidierung auseinandersetzen, schrecken vor dem gro\u00dfen Aufwand zur\u00fcck. Es fehlt die Unterst\u00fctzung, der Denkansto\u00df oder der rote Leitfaden an dem eine Orientierung erfolgen kann. Ab einem gewissen Punkt stellt sich jeder die Frage: &#8222;Brauche ich das wirklich?&#8220; &hellip; <\/p>\n<p class=\"link-more\"><a href=\"https:\/\/its-niehoff.de\/?page_id=19\" class=\"more-link\"><span class=\"screen-reader-text\">\u201eAllgemeine Informationen\u201c<\/span> weiterlesen<\/a><\/p>\n","protected":false},"author":1,"featured_media":0,"parent":0,"menu_order":0,"comment_status":"closed","ping_status":"closed","template":"","meta":[],"_links":{"self":[{"href":"https:\/\/its-niehoff.de\/index.php?rest_route=\/wp\/v2\/pages\/19"}],"collection":[{"href":"https:\/\/its-niehoff.de\/index.php?rest_route=\/wp\/v2\/pages"}],"about":[{"href":"https:\/\/its-niehoff.de\/index.php?rest_route=\/wp\/v2\/types\/page"}],"author":[{"embeddable":true,"href":"https:\/\/its-niehoff.de\/index.php?rest_route=\/wp\/v2\/users\/1"}],"replies":[{"embeddable":true,"href":"https:\/\/its-niehoff.de\/index.php?rest_route=%2Fwp%2Fv2%2Fcomments&post=19"}],"version-history":[{"count":7,"href":"https:\/\/its-niehoff.de\/index.php?rest_route=\/wp\/v2\/pages\/19\/revisions"}],"predecessor-version":[{"id":78,"href":"https:\/\/its-niehoff.de\/index.php?rest_route=\/wp\/v2\/pages\/19\/revisions\/78"}],"wp:attachment":[{"href":"https:\/\/its-niehoff.de\/index.php?rest_route=%2Fwp%2Fv2%2Fmedia&parent=19"}],"curies":[{"name":"wp","href":"https:\/\/api.w.org\/{rel}","templated":true}]}}