{"id":171,"date":"2018-01-29T13:24:33","date_gmt":"2018-01-29T13:24:33","guid":{"rendered":"http:\/\/its-niehoff.de\/?page_id=171"},"modified":"2018-01-31T13:19:27","modified_gmt":"2018-01-31T13:19:27","slug":"pq","status":"publish","type":"page","link":"https:\/\/its-niehoff.de\/?page_id=171","title":{"rendered":"PQ"},"content":{"rendered":"<p align=\"LEFT\">In der Leistungsqualifizierung (PQ) soll der dokumentierte Nachweis erbracht werden, dass ein Ger\u00e4t unter realen Bedingungen die angestrebten Leistungsparameter auch tats\u00e4chlich erreicht.\u00a0 Die PQ muss auf Grundlage eines entsprechenden Qualifizierungsplanes durchgef\u00fchrt werden. Wesentlicher Inhalt der PQ sind Leistungsl\u00e4ufe des Ger\u00e4tes mit allen Materialen, die auch sp\u00e4ter im Routinebetrieb verarbeitet werden sollen. Dabei ist insbesondere zu beobachten, ob bestimmte Materialien aufgrund ihrer spezifischen Eigenschaften die Leistungsparameter des Ger\u00e4tes beeinflussen.<\/p>\n<p align=\"LEFT\">Im Ergebnis sollen f\u00fcr alle zu verarbeitenden Materialien, bezogen auf die jeweils zu beachtenden Parameter\u00a0obere und untere Grenzwerte festgelegt werden.<\/p>\n<p align=\"LEFT\">Sind alle geforderten Leistungsparameter getestet, kann ein Bericht erstellt werden. Aus dem Bericht muss eine eindeutige Aussage getroffen werden, welche Materialien unter welchen Bedingungen auf dem Ger\u00e4t verarbeitet werden k\u00f6nnen. Dabei kann es sich\u00a0um Entnahmesets aber auch Entnahmematerialien\u00a0handeln, die auf dem jeweiligen Analyseger\u00e4t eingesetzt werden k\u00f6nnen.<\/p>\n<p align=\"LEFT\">Wie schon bei der OQ ist es auch bei der PQ erforderlich, Abweichungen und die sich daraus ergebenden Schlussfolgerungen genau zu vermerken.<\/p>\n","protected":false},"excerpt":{"rendered":"<p>In der Leistungsqualifizierung (PQ) soll der dokumentierte Nachweis erbracht werden, dass ein Ger\u00e4t unter realen Bedingungen die angestrebten Leistungsparameter auch tats\u00e4chlich erreicht.\u00a0 Die PQ muss auf Grundlage eines entsprechenden Qualifizierungsplanes durchgef\u00fchrt werden. Wesentlicher Inhalt der PQ sind Leistungsl\u00e4ufe des Ger\u00e4tes mit allen Materialen, die auch sp\u00e4ter im Routinebetrieb verarbeitet werden sollen. Dabei ist insbesondere zu &hellip; <\/p>\n<p class=\"link-more\"><a href=\"https:\/\/its-niehoff.de\/?page_id=171\" class=\"more-link\"><span class=\"screen-reader-text\">\u201ePQ\u201c<\/span> weiterlesen<\/a><\/p>\n","protected":false},"author":1,"featured_media":0,"parent":0,"menu_order":0,"comment_status":"closed","ping_status":"closed","template":"","meta":[],"_links":{"self":[{"href":"https:\/\/its-niehoff.de\/index.php?rest_route=\/wp\/v2\/pages\/171"}],"collection":[{"href":"https:\/\/its-niehoff.de\/index.php?rest_route=\/wp\/v2\/pages"}],"about":[{"href":"https:\/\/its-niehoff.de\/index.php?rest_route=\/wp\/v2\/types\/page"}],"author":[{"embeddable":true,"href":"https:\/\/its-niehoff.de\/index.php?rest_route=\/wp\/v2\/users\/1"}],"replies":[{"embeddable":true,"href":"https:\/\/its-niehoff.de\/index.php?rest_route=%2Fwp%2Fv2%2Fcomments&post=171"}],"version-history":[{"count":3,"href":"https:\/\/its-niehoff.de\/index.php?rest_route=\/wp\/v2\/pages\/171\/revisions"}],"predecessor-version":[{"id":201,"href":"https:\/\/its-niehoff.de\/index.php?rest_route=\/wp\/v2\/pages\/171\/revisions\/201"}],"wp:attachment":[{"href":"https:\/\/its-niehoff.de\/index.php?rest_route=%2Fwp%2Fv2%2Fmedia&parent=171"}],"curies":[{"name":"wp","href":"https:\/\/api.w.org\/{rel}","templated":true}]}}