{"id":170,"date":"2018-01-29T13:24:33","date_gmt":"2018-01-29T13:24:33","guid":{"rendered":"http:\/\/its-niehoff.de\/?page_id=170"},"modified":"2018-01-31T13:07:44","modified_gmt":"2018-01-31T13:07:44","slug":"oq","status":"publish","type":"page","link":"https:\/\/its-niehoff.de\/?page_id=170","title":{"rendered":"OQ"},"content":{"rendered":"<p align=\"LEFT\">Die Funktionsqualifizierung (OQ) dient dem Nachweis, dass die Ger\u00e4te innerhalb definierter Grenzen funktioniert. Sie folgt der IQ. In der OQ werden die Akzeptanzkriterien, die in der DQ definiert wurden im Detail \u00fcberpr\u00fcft. Grundlage bei der Durchf\u00fchrung der OQ ist eine Risikoanalyse, welche die kritischen Parameter des Ger\u00e4tes sowie seine Umgebungsbedingungen betrachtet. Daher sollte das jeweilige Akzeptanzkriterium der DQ immer einem entsprechenden Risiko zugeordnet sein.<\/p>\n<p align=\"LEFT\">In der OQ sind die geforderten Funktionen im Detail zu pr\u00fcfen. Die Durchf\u00fchrung von Reinigung\/Desinfektion sowie der Wartungsarbeiten sollen in diesem Zusammenhang ebenfalls \u00fcberpr\u00fcft werden.<\/p>\n<p align=\"LEFT\">Zur \u00dcberpr\u00fcfung der Funktionsf\u00e4higkeit sind geeignete Testl\u00e4ufe in ausreichender Zahl auf der Grundlage vorher festgelegter Qualifizierungspl\u00e4ne f\u00fcr die OQ durchzuf\u00fchren und zu dokumentieren.<\/p>\n<p>&nbsp;<\/p>\n","protected":false},"excerpt":{"rendered":"<p>Die Funktionsqualifizierung (OQ) dient dem Nachweis, dass die Ger\u00e4te innerhalb definierter Grenzen funktioniert. Sie folgt der IQ. In der OQ werden die Akzeptanzkriterien, die in der DQ definiert wurden im Detail \u00fcberpr\u00fcft. Grundlage bei der Durchf\u00fchrung der OQ ist eine Risikoanalyse, welche die kritischen Parameter des Ger\u00e4tes sowie seine Umgebungsbedingungen betrachtet. Daher sollte das jeweilige &hellip; <\/p>\n<p class=\"link-more\"><a href=\"https:\/\/its-niehoff.de\/?page_id=170\" class=\"more-link\"><span class=\"screen-reader-text\">\u201eOQ\u201c<\/span> weiterlesen<\/a><\/p>\n","protected":false},"author":1,"featured_media":0,"parent":0,"menu_order":0,"comment_status":"closed","ping_status":"closed","template":"","meta":[],"_links":{"self":[{"href":"https:\/\/its-niehoff.de\/index.php?rest_route=\/wp\/v2\/pages\/170"}],"collection":[{"href":"https:\/\/its-niehoff.de\/index.php?rest_route=\/wp\/v2\/pages"}],"about":[{"href":"https:\/\/its-niehoff.de\/index.php?rest_route=\/wp\/v2\/types\/page"}],"author":[{"embeddable":true,"href":"https:\/\/its-niehoff.de\/index.php?rest_route=\/wp\/v2\/users\/1"}],"replies":[{"embeddable":true,"href":"https:\/\/its-niehoff.de\/index.php?rest_route=%2Fwp%2Fv2%2Fcomments&post=170"}],"version-history":[{"count":3,"href":"https:\/\/its-niehoff.de\/index.php?rest_route=\/wp\/v2\/pages\/170\/revisions"}],"predecessor-version":[{"id":199,"href":"https:\/\/its-niehoff.de\/index.php?rest_route=\/wp\/v2\/pages\/170\/revisions\/199"}],"wp:attachment":[{"href":"https:\/\/its-niehoff.de\/index.php?rest_route=%2Fwp%2Fv2%2Fmedia&parent=170"}],"curies":[{"name":"wp","href":"https:\/\/api.w.org\/{rel}","templated":true}]}}