{"id":168,"date":"2018-01-29T13:24:33","date_gmt":"2018-01-29T13:24:33","guid":{"rendered":"http:\/\/its-niehoff.de\/?page_id=168"},"modified":"2018-01-29T14:19:43","modified_gmt":"2018-01-29T14:19:43","slug":"dq","status":"publish","type":"page","link":"https:\/\/its-niehoff.de\/?page_id=168","title":{"rendered":"DQ"},"content":{"rendered":"<p align=\"LEFT\">Die Designqualifikation DQ umfasst die Dokumentation der Planungsphase. In der Planungsphase sollten die Akzeptanzkriterien\u00a0an einem Ger\u00e4t definiert werden. Da eine retrospektive Qualifizierung nicht mehr akzeptiert wird, m\u00fcssen auch bereits vorhandenen Ger\u00e4ten entsprechend des aktuellen QMP qualifiziert werden<\/p>\n<p align=\"LEFT\">\u00c4hnlich wie in der Softwarevalidierung, wird die DQ auch als Lastenheft angesehen, da hier Ihr &#8222;Wunschkonzert&#8220; an ein Analyseger\u00e4t definiert wird. Neben den geforderten Lasten muss auch die Umsetzung der geforderten Last beschrieben sein, was dem Pflichtenheft entspricht. Die Definition der Akzeptanzkriterien in dem Lastenheft kann unter anderem auf folgenden Punkte eingehen:<\/p>\n<ul>\n<li><span style=\"font-family: Arial; font-size: medium;\">Zweck des Ger\u00e4tes<\/span><\/li>\n<li><span style=\"font-family: Arial; font-size: medium;\">technische Daten<\/span><\/li>\n<li><span style=\"font-family: Arial; font-size: medium;\">Steuerung und Regelung<\/span><\/li>\n<li><span style=\"font-family: Arial; font-size: medium;\">Wartung<\/span><\/li>\n<li><span style=\"font-family: Arial; font-size: medium;\">Reinigung und Pflege<\/span><\/li>\n<li><span style=\"font-family: Arial; font-size: medium;\">Nachweis zur Funktionsweise des Ger\u00e4tes<\/span><\/li>\n<li><span style=\"font-family: Arial; font-size: medium;\">Unterlagen zur Schulung und Einweisung der Mitarbeiter<\/span><\/li>\n<li><span style=\"font-family: Arial; font-size: medium;\">Sensitivit\u00e4t<\/span><\/li>\n<li>Durchsatz<\/li>\n<li>usw.<\/li>\n<\/ul>\n<p>&nbsp;<\/p>\n<p>Nur wenn die Anforderungen an ein System erf\u00fcllt sind, gilt das Design als qualifiziert.<\/p>\n","protected":false},"excerpt":{"rendered":"<p>Die Designqualifikation DQ umfasst die Dokumentation der Planungsphase. In der Planungsphase sollten die Akzeptanzkriterien\u00a0an einem Ger\u00e4t definiert werden. Da eine retrospektive Qualifizierung nicht mehr akzeptiert wird, m\u00fcssen auch bereits vorhandenen Ger\u00e4ten entsprechend des aktuellen QMP qualifiziert werden \u00c4hnlich wie in der Softwarevalidierung, wird die DQ auch als Lastenheft angesehen, da hier Ihr &#8222;Wunschkonzert&#8220; an ein &hellip; <\/p>\n<p class=\"link-more\"><a href=\"https:\/\/its-niehoff.de\/?page_id=168\" class=\"more-link\"><span class=\"screen-reader-text\">\u201eDQ\u201c<\/span> weiterlesen<\/a><\/p>\n","protected":false},"author":1,"featured_media":0,"parent":0,"menu_order":0,"comment_status":"closed","ping_status":"closed","template":"","meta":[],"_links":{"self":[{"href":"https:\/\/its-niehoff.de\/index.php?rest_route=\/wp\/v2\/pages\/168"}],"collection":[{"href":"https:\/\/its-niehoff.de\/index.php?rest_route=\/wp\/v2\/pages"}],"about":[{"href":"https:\/\/its-niehoff.de\/index.php?rest_route=\/wp\/v2\/types\/page"}],"author":[{"embeddable":true,"href":"https:\/\/its-niehoff.de\/index.php?rest_route=\/wp\/v2\/users\/1"}],"replies":[{"embeddable":true,"href":"https:\/\/its-niehoff.de\/index.php?rest_route=%2Fwp%2Fv2%2Fcomments&post=168"}],"version-history":[{"count":3,"href":"https:\/\/its-niehoff.de\/index.php?rest_route=\/wp\/v2\/pages\/168\/revisions"}],"predecessor-version":[{"id":193,"href":"https:\/\/its-niehoff.de\/index.php?rest_route=\/wp\/v2\/pages\/168\/revisions\/193"}],"wp:attachment":[{"href":"https:\/\/its-niehoff.de\/index.php?rest_route=%2Fwp%2Fv2%2Fmedia&parent=168"}],"curies":[{"name":"wp","href":"https:\/\/api.w.org\/{rel}","templated":true}]}}