{"id":167,"date":"2018-01-29T13:24:33","date_gmt":"2018-01-29T13:24:33","guid":{"rendered":"http:\/\/its-niehoff.de\/?page_id=167"},"modified":"2018-01-29T14:06:25","modified_gmt":"2018-01-29T14:06:25","slug":"klassifizierung","status":"publish","type":"page","link":"https:\/\/its-niehoff.de\/?page_id=167","title":{"rendered":"Klassifizierung"},"content":{"rendered":"<p>Grunds\u00e4tzlich sind Ihre Ausr\u00fcstungsgegenst\u00e4nde einer Risikoanalyse zu unterziehen. Die Methodik der Risikoanalyse legt wie schon in der Validierung der Anwender selbst fest. Auch in der Qualifizierung wird h\u00e4ufig die FMEA eingesetzt, die auch wir in unserem System ITQM einsetzen.<\/p>\n<p>Durch die Risikoanalyse k\u00f6nnen Sie Ger\u00e4te und Ausr\u00fcstungsgegenst\u00e4nde klassifizieren und in Abh\u00e4ngigkeit der Klassifizierung den Aufwand f\u00fcr die Qualifizierung festlegen.<\/p>\n<p>Das Programm ITQM ist so flexibel ausgelegt, dass jeder Anwender seine Grenzbereiche individuell definieren kann.<\/p>\n<p>F\u00fcr Ausr\u00fcstungsgegenst\u00e4nde der Klasse, wird nur die Risikoanalyse dokumentiert. Klasse zwei mit DQ und IQ und bei Klasse 3 Ger\u00e4ten die DQ, die IQ, die OQ und die PQ<\/p>\n","protected":false},"excerpt":{"rendered":"<p>Grunds\u00e4tzlich sind Ihre Ausr\u00fcstungsgegenst\u00e4nde einer Risikoanalyse zu unterziehen. Die Methodik der Risikoanalyse legt wie schon in der Validierung der Anwender selbst fest. Auch in der Qualifizierung wird h\u00e4ufig die FMEA eingesetzt, die auch wir in unserem System ITQM einsetzen. Durch die Risikoanalyse k\u00f6nnen Sie Ger\u00e4te und Ausr\u00fcstungsgegenst\u00e4nde klassifizieren und in Abh\u00e4ngigkeit der Klassifizierung den Aufwand &hellip; <\/p>\n<p class=\"link-more\"><a href=\"https:\/\/its-niehoff.de\/?page_id=167\" class=\"more-link\"><span class=\"screen-reader-text\">\u201eKlassifizierung\u201c<\/span> weiterlesen<\/a><\/p>\n","protected":false},"author":1,"featured_media":0,"parent":0,"menu_order":0,"comment_status":"closed","ping_status":"closed","template":"","meta":[],"_links":{"self":[{"href":"https:\/\/its-niehoff.de\/index.php?rest_route=\/wp\/v2\/pages\/167"}],"collection":[{"href":"https:\/\/its-niehoff.de\/index.php?rest_route=\/wp\/v2\/pages"}],"about":[{"href":"https:\/\/its-niehoff.de\/index.php?rest_route=\/wp\/v2\/types\/page"}],"author":[{"embeddable":true,"href":"https:\/\/its-niehoff.de\/index.php?rest_route=\/wp\/v2\/users\/1"}],"replies":[{"embeddable":true,"href":"https:\/\/its-niehoff.de\/index.php?rest_route=%2Fwp%2Fv2%2Fcomments&post=167"}],"version-history":[{"count":3,"href":"https:\/\/its-niehoff.de\/index.php?rest_route=\/wp\/v2\/pages\/167\/revisions"}],"predecessor-version":[{"id":191,"href":"https:\/\/its-niehoff.de\/index.php?rest_route=\/wp\/v2\/pages\/167\/revisions\/191"}],"wp:attachment":[{"href":"https:\/\/its-niehoff.de\/index.php?rest_route=%2Fwp%2Fv2%2Fmedia&parent=167"}],"curies":[{"name":"wp","href":"https:\/\/api.w.org\/{rel}","templated":true}]}}