{"id":16,"date":"2018-01-25T12:46:07","date_gmt":"2018-01-25T12:46:07","guid":{"rendered":"http:\/\/its-niehoff.de\/?page_id=16"},"modified":"2018-01-29T12:33:49","modified_gmt":"2018-01-29T12:33:49","slug":"softwarevalidierung","status":"publish","type":"page","link":"https:\/\/its-niehoff.de\/?page_id=16","title":{"rendered":"Softwarevalidierung"},"content":{"rendered":"<p>Eine Softwarevalidierung muss strukturiert ablaufen. Damit Sie den gr\u00f6\u00dftm\u00f6glichen Nutzen aus einer Softwarevalidierung ziehen k\u00f6nnen, erarbeiten wir ein Konzept, mit dem Sie \u00fcber den gesamten Lebenszyklus Ihr System in einem validen Zustand halten k\u00f6nnen.<\/p>\n<h2><strong>Ablauf der Validierung<\/strong><\/h2>\n<p>Grunds\u00e4tzlich beginnt eine Validierung mit Gespr\u00e4chen und Schulungen. Allen Mitarbeitern muss klar sein, was eine validierte Software f\u00fcr die t\u00e4gliche Arbeit bedeutet und was zu tun ist, um eine Software zu validieren. Wie eine strukturierte Softwarevalidierung durch uns erfolgt, lesen Sie <a href=\"http:\/\/its-niehoff.de\/?page_id=60\">hier<\/a><\/p>\n<h2><strong>Das System ITQM<\/strong><\/h2>\n<p>Wir haben ein System entwickelt, das Sie bei der Dokumentation unterst\u00fctzt. Das Programm ITQM hilft Ihnen, prozessorientiert alle notwendigen Dokumentationen f\u00fcr ein validiertes computergest\u00fctztes System zu erledigen. Welche Vorteile Sie durch das Programm ITQM haben, erfahren Sie <a href=\"http:\/\/its-niehoff.de\/?page_id=47\">hier<\/a>.<\/p>\n","protected":false},"excerpt":{"rendered":"<p>Eine Softwarevalidierung muss strukturiert ablaufen. Damit Sie den gr\u00f6\u00dftm\u00f6glichen Nutzen aus einer Softwarevalidierung ziehen k\u00f6nnen, erarbeiten wir ein Konzept, mit dem Sie \u00fcber den gesamten Lebenszyklus Ihr System in einem validen Zustand halten k\u00f6nnen. Ablauf der Validierung Grunds\u00e4tzlich beginnt eine Validierung mit Gespr\u00e4chen und Schulungen. Allen Mitarbeitern muss klar sein, was eine validierte Software f\u00fcr &hellip; <\/p>\n<p class=\"link-more\"><a href=\"https:\/\/its-niehoff.de\/?page_id=16\" class=\"more-link\"><span class=\"screen-reader-text\">\u201eSoftwarevalidierung\u201c<\/span> weiterlesen<\/a><\/p>\n","protected":false},"author":1,"featured_media":0,"parent":0,"menu_order":0,"comment_status":"closed","ping_status":"closed","template":"","meta":[],"_links":{"self":[{"href":"https:\/\/its-niehoff.de\/index.php?rest_route=\/wp\/v2\/pages\/16"}],"collection":[{"href":"https:\/\/its-niehoff.de\/index.php?rest_route=\/wp\/v2\/pages"}],"about":[{"href":"https:\/\/its-niehoff.de\/index.php?rest_route=\/wp\/v2\/types\/page"}],"author":[{"embeddable":true,"href":"https:\/\/its-niehoff.de\/index.php?rest_route=\/wp\/v2\/users\/1"}],"replies":[{"embeddable":true,"href":"https:\/\/its-niehoff.de\/index.php?rest_route=%2Fwp%2Fv2%2Fcomments&post=16"}],"version-history":[{"count":11,"href":"https:\/\/its-niehoff.de\/index.php?rest_route=\/wp\/v2\/pages\/16\/revisions"}],"predecessor-version":[{"id":147,"href":"https:\/\/its-niehoff.de\/index.php?rest_route=\/wp\/v2\/pages\/16\/revisions\/147"}],"wp:attachment":[{"href":"https:\/\/its-niehoff.de\/index.php?rest_route=%2Fwp%2Fv2%2Fmedia&parent=16"}],"curies":[{"name":"wp","href":"https:\/\/api.w.org\/{rel}","templated":true}]}}