{"id":101,"date":"2018-01-26T09:38:21","date_gmt":"2018-01-26T09:38:21","guid":{"rendered":"http:\/\/its-niehoff.de\/?page_id=101"},"modified":"2018-01-26T12:52:42","modified_gmt":"2018-01-26T12:52:42","slug":"testen-cs","status":"publish","type":"page","link":"https:\/\/its-niehoff.de\/?page_id=101","title":{"rendered":"Testen CS"},"content":{"rendered":"<p>Bei dem testen wird zwischen Black Box und White Box Test unterschieden. In der Regel haben Anwender keinen Einblick in die inneren Strukturen des Systems. Daher kann hier ein White Box Test durch den Anwender nicht erfolgen. Der Hersteller einer Software muss jedoch einen White Box Test durchf\u00fchren und dokumentieren. Diese White Box Tests werden auch als Unit Test bezeichnet. Wie ein Unit Test durchgef\u00fchrt werden soll, ist nach Annex 11 nicht vorgegeben. Die ISTQM (R) hat jedoch einen Standard entwickelt, wie Tests als White Box Test sowohl funktional wie auch nicht funktional durchgef\u00fchrt werden sollen.<\/p>\n<p>Weiterhin hat die ISTQB (R) einen Standard entwickelt, wie Tests als Black Box Tests durchgef\u00fchrt werden sollten. Dabei wird zwischen \u00c4quivalenzklassenbildung, Grenzwertanalyse, Entscheidungstabellentest und Anwendungsfallbasierter Test unterschieden. Jedoch ist die ISTQB rechtlich nicht verpflichtend.<\/p>\n<p>Der Umfang der\u00a0Validierung \/ Test\u00a0h\u00e4ngt von einer Kategorisierung der Software ab. Eine sinnvolle Kategorisierung hat der GAMP5(R) Katalog ver\u00f6ffentlicht.<\/p>\n<p>Es gibt 4(5) Kategorien:<\/p>\n<ul>\n<li>Kategorie 1<\/li>\n<li><del>Kategorie 2<\/del><\/li>\n<li>Kategorie 3<\/li>\n<li>Kategorie 4<\/li>\n<li>Kategorie 5<\/li>\n<\/ul>\n<p>Die Kategorie 2 ist in dem aktuellen GAMP5 Katalog entfernt worden.<\/p>\n<p>Unter der <strong>Kategorie 1<\/strong> Software wird die Infrastruktur Software verstanden. Dazu z\u00e4hlen Betriebssysteme, Virenscanner usw. Hier wird nur die korrekte Installation gepr\u00fcft.<\/p>\n<p>Unter der <strong>Kategorie\u00a03<\/strong> Software wird die &#8222;Nicht konfigurierbare Software&#8220; verstanden. Dazu z\u00e4hlen Firmware, Laborinstrumente (nicht Analyseger\u00e4te!!!) usw.\u00a0Hier muss die\u00a0\u00a0korrekte Installation nachgewiesen werden und ein\u00a0risikobasiertes Testen der URS erfolgen.<\/p>\n<p>Unter der <strong>Kategorie\u00a04<\/strong> Software\u00a0 wird die &#8222;Konfigurierbare Software&#8220; verstanden. Dazu z\u00e4hlen ERP (Enterprise Resource Planning), LIS usw. Hier muss neben der\u00a0korrekten Installation\u00a0und des\u00a0risikobasierten Testen der URS auch die entsprechende Konfiguration des Systems getestet werden.<\/p>\n<p>Unter der <strong>Kategorie\u00a05<\/strong> Software\u00a0 werden f\u00fcr spezielle Bed\u00fcrfnisse entwickelte Applikationen, Prozesskontrollsysteme, Schnittstellen und Makros in Tabellenkalkulationen verstanden.\u00a0Hier muss neben der\u00a0korrekten Installation\u00a0und des\u00a0risikobasierten Testen der URS auch die entsprechende Konfiguration des Systems getestet werden. Zus\u00e4tzlich werden strukturelle Tests, Design und Source Code Review erwartet. Bedenken Sie dabei, dass auch Excel Dateien mit Makros in diese Kategorie fallen.<\/p>\n<p>Die Beschreibung der\u00a0Testf\u00e4lle ist im Rahmen der Softwaretestung sicherlich der anspruchsvolle Part. Hier werden fundamentale Kenntnisse in der Erstellung von Testf\u00e4llen gefordert. Aber auch die Kenntnisse \u00fcber Ihre Einrichtung sind elementar wichtig.<\/p>\n<p><a href=\"http:\/\/its-niehoff.de\/?page_id=47\">Das ist ein wesentlicher Vorteil, der Ihnen die IT Service Niehoff bietet. Durch unsere langj\u00e4hrige Erfahrung in dem medizinischen Umfeld k\u00f6nnen wir uns maximal in Ihre Situation versetzen und Sie optimal unterst\u00fctzen.<\/a><\/p>\n","protected":false},"excerpt":{"rendered":"<p>Bei dem testen wird zwischen Black Box und White Box Test unterschieden. In der Regel haben Anwender keinen Einblick in die inneren Strukturen des Systems. Daher kann hier ein White Box Test durch den Anwender nicht erfolgen. Der Hersteller einer Software muss jedoch einen White Box Test durchf\u00fchren und dokumentieren. Diese White Box Tests werden &hellip; <\/p>\n<p class=\"link-more\"><a href=\"https:\/\/its-niehoff.de\/?page_id=101\" class=\"more-link\"><span class=\"screen-reader-text\">\u201eTesten CS\u201c<\/span> weiterlesen<\/a><\/p>\n","protected":false},"author":1,"featured_media":0,"parent":0,"menu_order":0,"comment_status":"closed","ping_status":"closed","template":"","meta":[],"_links":{"self":[{"href":"https:\/\/its-niehoff.de\/index.php?rest_route=\/wp\/v2\/pages\/101"}],"collection":[{"href":"https:\/\/its-niehoff.de\/index.php?rest_route=\/wp\/v2\/pages"}],"about":[{"href":"https:\/\/its-niehoff.de\/index.php?rest_route=\/wp\/v2\/types\/page"}],"author":[{"embeddable":true,"href":"https:\/\/its-niehoff.de\/index.php?rest_route=\/wp\/v2\/users\/1"}],"replies":[{"embeddable":true,"href":"https:\/\/its-niehoff.de\/index.php?rest_route=%2Fwp%2Fv2%2Fcomments&post=101"}],"version-history":[{"count":6,"href":"https:\/\/its-niehoff.de\/index.php?rest_route=\/wp\/v2\/pages\/101\/revisions"}],"predecessor-version":[{"id":126,"href":"https:\/\/its-niehoff.de\/index.php?rest_route=\/wp\/v2\/pages\/101\/revisions\/126"}],"wp:attachment":[{"href":"https:\/\/its-niehoff.de\/index.php?rest_route=%2Fwp%2Fv2%2Fmedia&parent=101"}],"curies":[{"name":"wp","href":"https:\/\/api.w.org\/{rel}","templated":true}]}}